{"id":26,"date":"2021-11-08T21:36:50","date_gmt":"2021-11-08T21:36:50","guid":{"rendered":"https:\/\/healing-hearts.dk\/?page_id=26"},"modified":"2021-11-09T19:38:59","modified_gmt":"2021-11-09T19:38:59","slug":"info-og-baggrund","status":"publish","type":"page","link":"https:\/\/healing-hearts.dk\/?page_id=26","title":{"rendered":"Om"},"content":{"rendered":"\n<div class=\"wp-block-columns is-layout-flex wp-container-core-columns-is-layout-9d6595d7 wp-block-columns-is-layout-flex\">\n<div class=\"wp-block-column is-layout-flow wp-block-column-is-layout-flow\">\n<figure class=\"wp-block-image size-large is-resized is-style-rounded\"><img loading=\"lazy\" decoding=\"async\" src=\"https:\/\/healing-hearts.dk\/wp-content\/uploads\/2021\/11\/IMG_20200508_122717a-1-816x1024.jpg\" alt=\"\" class=\"wp-image-41\" width=\"408\" height=\"512\" srcset=\"https:\/\/healing-hearts.dk\/wp-content\/uploads\/2021\/11\/IMG_20200508_122717a-1-816x1024.jpg 816w, https:\/\/healing-hearts.dk\/wp-content\/uploads\/2021\/11\/IMG_20200508_122717a-1-239x300.jpg 239w, https:\/\/healing-hearts.dk\/wp-content\/uploads\/2021\/11\/IMG_20200508_122717a-1-768x964.jpg 768w, https:\/\/healing-hearts.dk\/wp-content\/uploads\/2021\/11\/IMG_20200508_122717a-1-1224x1536.jpg 1224w, https:\/\/healing-hearts.dk\/wp-content\/uploads\/2021\/11\/IMG_20200508_122717a-1-1632x2048.jpg 1632w, https:\/\/healing-hearts.dk\/wp-content\/uploads\/2021\/11\/IMG_20200508_122717a-1.jpg 1962w\" sizes=\"auto, (max-width: 408px) 100vw, 408px\" \/><\/figure>\n<\/div>\n\n\n\n<div class=\"wp-block-column is-layout-flow wp-block-column-is-layout-flow\">\n<p class=\"has-text-color has-medium-font-size\" style=\"color:#25005c\"><strong>Mit navn er:<br><\/strong>Gienette Delphine Passera.<\/p>\n\n\n\n<p class=\"has-text-color has-medium-font-size\" style=\"color:#25005c\">Jeg er f\u00f8dt i &#8216; 66 og opvokset i Nordsj\u00e6lland.<br>Uddannet psykoterapeut samt<br>NLP Coach (Foundation&nbsp;og Practitioner)<\/p>\n\n\n\n<p class=\"has-text-color has-medium-font-size\" style=\"color:#25005c\">Udover at v\u00e6re psykoterapeut, NLP Coach, dr\u00f8mmetyder og healer, er jeg ogs\u00e5 uddannet p\u00e6dagog og har med stor interesse selv v\u00e6ret ih\u00e6rdig med egen personlige udvikling.<br>Jeg har med succes arbejdet med mange, b\u00e5de b\u00f8rn, unge, par samt individuelle personer med deres forskellige personlige udfordringer. Mine healerevner er medf\u00f8dt, de er dog blevet st\u00e6rkere med tiden. Jeg er desuden en stolt mor til to voksne sk\u00f8nne kvinder.<\/p>\n<\/div>\n<\/div>\n\n\n\n<p class=\"has-text-color has-medium-font-size\" style=\"color:#25005c\"><strong>Min viden<\/strong> omkring mennesket har jeg, udover mine egne erfaringer, uddannelser og arbejder, bl.a. tilegnet mig via psykologistudier siden &#8217;87 og via astrologi siden &#8217;73, samt tarotkort siden &#8217;91.<br>Jeg oplever at vi alle er f\u00f8dt med healerevner, mere eller mindre udviklet. Via min egen personlige udvikling samt uddannelser som terapeut og NLP Coach, har jeg udviklet mine healerevner yderligere, s\u00e6rligt fra \u00b499 og i 2020 tog de ydermere til i styrke. Det jeg har observeret er at healingen giver os overskud, sundhed og helbredelse, b\u00e5de fysisk og psykisk.<br><br>Derudover arbejder jeg ud fra et positivt livssyn med positive tanker og er af den overbevisning, at netop positiv t\u00e6nkning er vejen til at skabe et godt og lykkeligt liv.<br><br>Det er ogs\u00e5 min overbevisning at vi alle komme ud for hver vores udfordringer i livet, som ikke er st\u00f8rre for os end de kan overkommes.<br><br>Mine uddannelser samt den terapi og personlige udviklingsrejse jeg selv har v\u00e6ret igennem, har gjort at jeg f\u00f8ler mig godt rustet til at st\u00f8tte, heale, vejlede og udvikle dig, til selv at kunne tackle dit liv og dine udfordringer. S\u00e5 du, ligesom jeg, kan opleve dig selv som et sundt og velfungerende menneske, med evner til at skabe gl\u00e6de i dit liv. Kan jeg finde vejen til livsgl\u00e6den, s\u00e5 kan du med stor sandsynlighed ogs\u00e5, og jeg vil med gl\u00e6de v\u00e6re din healer, din terapeut og guide s\u00e5 l\u00e6nge du beh\u00f8ver mig.<br><br><strong>Healingen foreg\u00e5r <\/strong>p\u00e5kl\u00e6dt, i afslappet tilstand og til behageligt healingsmusik. Du kan l\u00e6se om nogen af de andres kunders udtalelser&nbsp;<span style=\"text-decoration: underline;\"><a href=\"https:\/\/healing-hearts.dk\/?page_id=45\" data-type=\"URL\" data-id=\"https:\/\/healing-hearts.dk\/?page_id=45\">her<\/a><\/span>.<br><br>Hvis du har brug for b\u00e5de at blive coachet, f\u00e5 terapi, f\u00e5 lagt tarotkort og blive healet, finder vi en passende pris for det hele. Se priserne&nbsp;<span style=\"text-decoration: underline;\"><a href=\"https:\/\/healing-hearts.dk\/?page_id=52\" data-type=\"URL\" data-id=\"https:\/\/healing-hearts.dk\/?page_id=52\">her<\/a><\/span>.<br><br>Har du brug for en overnatning evt. i forbindelse med en behandling er dette ogs\u00e5 muligt. Du kan se mit Bed &amp; Healing&nbsp;<span style=\"text-decoration: underline;\"><a href=\"https:\/\/bedandhealing.dk\/\" data-type=\"URL\" data-id=\"https:\/\/bedandhealing.dk\/\" target=\"_blank\" rel=\"noreferrer noopener\">her<\/a><\/span>.&nbsp;<br><br><br><br><strong>Jeg kan kontaktes p\u00e5 tlf.: +45 93 990 211<\/strong><\/p>\n","protected":false},"excerpt":{"rendered":"<p>Mit navn er:Gienette Delphine Passera. Jeg er f\u00f8dt i &#8216; 66 og opvokset i Nordsj\u00e6lland.Uddannet psykoterapeut samtNLP Coach (Foundation&nbsp;og Practitioner) Udover at v\u00e6re psykoterapeut, NLP Coach, dr\u00f8mmetyder og healer, er jeg ogs\u00e5 uddannet p\u00e6dagog og har med stor interesse selv&#8230;<\/p>\n","protected":false},"author":1,"featured_media":0,"parent":0,"menu_order":2,"comment_status":"closed","ping_status":"closed","template":"","meta":{"footnotes":""},"class_list":["post-26","page","type-page","status-publish","hentry"],"_links":{"self":[{"href":"https:\/\/healing-hearts.dk\/index.php?rest_route=\/wp\/v2\/pages\/26","targetHints":{"allow":["GET"]}}],"collection":[{"href":"https:\/\/healing-hearts.dk\/index.php?rest_route=\/wp\/v2\/pages"}],"about":[{"href":"https:\/\/healing-hearts.dk\/index.php?rest_route=\/wp\/v2\/types\/page"}],"author":[{"embeddable":true,"href":"https:\/\/healing-hearts.dk\/index.php?rest_route=\/wp\/v2\/users\/1"}],"replies":[{"embeddable":true,"href":"https:\/\/healing-hearts.dk\/index.php?rest_route=%2Fwp%2Fv2%2Fcomments&post=26"}],"version-history":[{"count":21,"href":"https:\/\/healing-hearts.dk\/index.php?rest_route=\/wp\/v2\/pages\/26\/revisions"}],"predecessor-version":[{"id":137,"href":"https:\/\/healing-hearts.dk\/index.php?rest_route=\/wp\/v2\/pages\/26\/revisions\/137"}],"wp:attachment":[{"href":"https:\/\/healing-hearts.dk\/index.php?rest_route=%2Fwp%2Fv2%2Fmedia&parent=26"}],"curies":[{"name":"wp","href":"https:\/\/api.w.org\/{rel}","templated":true}]}}