{"id":45,"date":"2021-11-09T14:12:26","date_gmt":"2021-11-09T14:12:26","guid":{"rendered":"https:\/\/healing-hearts.dk\/?page_id=45"},"modified":"2024-11-29T08:50:22","modified_gmt":"2024-11-29T08:50:22","slug":"hvad-siger-kunderne","status":"publish","type":"page","link":"https:\/\/healing-hearts.dk\/?page_id=45","title":{"rendered":"Kunderne siger"},"content":{"rendered":"\n<p class=\"has-text-color has-medium-font-size\" style=\"color:#25005c\"><strong>Healings effekt:<\/strong><br>Det er b\u00e5de i sessions men ogs\u00e5 spontant healing kan anvendes. Udover de planlagte sessions har mine omgivelser ind i mellem st\u00e5et akut og haft brug for og gl\u00e6de af healing. Her kan du l\u00e6se om nogle af oplevelserne og mine klienters udtalelser. Og de spontane oplevelser\u00a0<span style=\"text-decoration: underline;\"><a href=\"https:\/\/healing-hearts.dk\/?page_id=49\" data-type=\"URL\" data-id=\"https:\/\/healing-hearts.dk\/?page_id=49\">her<\/a><\/span>.<br><br><strong>Moden gangbesv\u00e6rede kvinde med smerter og slidgigt.<\/strong><br>&#8220;Er blevet smerte fri efter en times healing. Jeg lider af slidgigt is\u00e6r i hofter og l\u00e6nd, efter behandling har jeg v\u00e6ret smertefri og har ikke taget smertestillende siden. De bedste penge jeg har givet ud. Hun er dygtig og et roligt v\u00e6sen som man f\u00f8ler sig tryk ved s\u00e5 kan klart anbefale Bed &amp; Healing&#8221;<\/p>\n\n\n\n<p class=\"has-text-color has-medium-font-size\" style=\"color:#25005c\"><strong>\u00c6ldre dame p\u00e5 med sv\u00e6rd vejrtr\u00e6kningsbesv\u00e6r efter influenza<\/strong> i 2022<br>&#8220;Jeg var desperat og vidste ikke hvad jeg sgu g\u00f8re for at f\u00e5 luft. Jeg ku ikke tr\u00e6kke luften ind og f\u00e5 en ordentligt vejrtr\u00e6kning og smerterne var ulidelige og det havde st\u00e5et p\u00e5 i 4 uger. Jeg s\u00f8gte efter hj\u00e6lp i en gruppe p\u00e5 Facebook og blandt dem som svarede mig, var Gienette som mente at hun kunne g\u00f8re en forskel s\u00e5 jeg ku f\u00e5 det bedre.<br>Jeg kunne d\u00e5rligt tale, men fik forklaret mig samt at jeg havde brug for et hjemmebes\u00f8g. Det forstod hun, indvilliget i og kom samme dag. <br>Gienette sagde at mit system var i alarmberedskaber og at det ikke gjorde det beder for mig, da jeg s\u00e5 sp\u00e6ndte meget mere op, men jeg havde ogs\u00e5 v\u00e6ret meget t\u00e6t p\u00e5 at d\u00f8 et par gange, men bl\u00e5 l\u00e6ber og fingre, s\u00e5 det var der jo ikke noget at sige til. <br>Jeg modtog en sk\u00f8n healing og en time efter, kunne jeg uden smerter tr\u00e6kke vejret ordentligt og tale igen. Ja, jeg fik ogs\u00e5 hostet en del lige efter, men det gjorde heller ikke l\u00e6ngere ondt. <br>Om aftenen fik jeg s\u00e5 et voldsomt hosteanfald som virkede til at l\u00f8ste for noget. Gienette havde dog sagt at det godt kunne forventes at der ville komme noget op. Heldigvis sov jeg rigtig godt derefter. <br>Og her efter en lille uge, har det det <span style=\"text-decoration: underline;\">s\u00e5<\/span> meget bedre at jeg er g\u00e5et i gang med mine kreative sysler igen. Appetitten og lugtesansen er dog stadig udeblevet. Men t\u00e6nker at den kommer af sig selv om en rum tid, ellers ved jeg jo nu, hvor jeg kan f\u00e5 mere hj\u00e6lp.&#8221; <br><br><strong>Mand med forstuvet storet\u00e5 efter skred p\u00e5 gulv ind i en v\u00e6g.<br><\/strong>&#8220;Jeg kommer humpende ind til Gienette og er helt f\u00e6rdig og tr\u00e6t efter at have humpet rundt i over en uge p\u00e5 min fod. Og selvf\u00f8lgelig n\u00e5r jeg ogs\u00e5 lige at smide en flaske, ja, jeg tabte den, ned over den fod jeg ugen forinden havde forsl\u00e5et, p\u00e5 vej ud af d\u00f8ren og hen til hende. Efter to healinger gik det v\u00e6k! Ja efter 1. healing, ku jeg allerede g\u00e5 en l\u00e6ngere tur i skoven, uden at humpe, dog h\u00e6vet den s\u00e5 op igen og s\u00e5 m\u00e5tte jeg lige have en tur mere. Men derefter har der intet v\u00e6ret. Det er faktisk ret utroligt, men det er min erfaring og min fod er god igen&#8221;\u00a0<br><strong><br>Mand med posttraumatisk stress (PTSD).<br><\/strong>&#8220;Mit liv er ikke let, jeg m\u00e5 hver dag k\u00e6mpe med tr\u00e6thed og lydangst. Efter healing fik jeg fornyet energi og har det bedre nu. Den f\u00f8rste n\u00e6tter lige efter sov jeg godt og dr\u00f8mfrit, og fik en mere dybt og rolig s\u00f8vn. F\u00f8lsomheden og adrenalienen er der stadig, men alle positive oplevelser skubber heldigvis opad.&#8221;<br><br><strong>Mandlig forretningsindehaver med en f\u00f8lelsesl\u00f8s tommel og et voldsomt hold i ryggen.<\/strong><br>\u201dDa jeg kom til Gienette 1. gang med min f\u00f8lelsesl\u00f8se tommelfinger, havde jeg ikke meget tiltro til at det kunne blive anderledes. Hvordan kunne det det? Jeg havde rendt rundt med den s\u00e5dan i flere \u00e5r. Men da Gienette havde hjulpet s\u00e5 mange med s\u00e6rlig skavanker, var der da en chance for at hun ogs\u00e5 kunne hj\u00e6lpe mig. Efter bare 7 min. fik jeg overraskende nok 60% f\u00f8lelse tilbage i den. Og det var nu rart nok. \ud83d\ude42 Og ca. 1\u00bd m\u00e5ned senere da min ryg pludselig l\u00e5ste sig efter et \u00e5ndssvagt l\u00f8ft, var jeg ikke i tvivl om at det var Gienette som skulle hj\u00e6lpe mig her ogs\u00e5. Det var hun sgu selv lidt skeptisk omkring. Ha! Hun sagde \u201dJeg er jo ikke kiropraktor\u201d Men jeg var faktisk selv overbevist om at hun kunne hj\u00e6lpe mig. S\u00e5 jeg kom sv\u00e6rt g\u00e5ende frem til hende og efter ca. 1\u00bd time i en hel eminent healingsoplevelse, kunne jeg hoppe derfra i et m\u00e6gtigt hum\u00f8r og en ryg som var hel fin igen. Og ja, jeg m\u00e6rkede ogs\u00e5 at min s\u00f8vn blev helt fantastisk de f\u00f8rste par n\u00e6tter lige efter.\u201d<\/p>\n\n\n\n<p class=\"has-text-color has-medium-font-size\" style=\"color:#25005c\">&nbsp;<strong>Moden kvinde med gigt i fingrene.<\/strong><br>\u201dJeg har efter en del arbejde med kartering og selvst\u00e6ndig erhvervsdrivende med sm\u00f8rrebr\u00f8dsforretning udviklet gigt i mine fingre. S\u00e6rligt et par fingre var ramt, jeg havde ikke kunne bruge dem ordentligt i en m\u00e5ned og m\u00e5tte tage 6 panodiler om dagen. Jeg sagde s\u00e5 ja tak til at v\u00e6re Gienettes pr\u00f8vekanin. Hun ville selv gerne vide om det var hende muligt at heale det ogs\u00e5. Og overraskende nok, b\u00e5de for hende og jeg, var der en tydelig forskel allerede efter den ene behandling. Det hjalp virkeligt og jeg kan virkelig m\u00e6rke en stor forskel. Jeg kan igen bev\u00e6ge fingrene og tager ikke l\u00e6ngere piller for fingrene mere. Nyder det nu n\u00e5r jeg bruger mine h\u00e6nder nu. De bukker s\u00e5 fint igen.\u201d<br><br><strong>\u00c6ldre herre havde siden sin pure ungdom haft skinnebensbet\u00e6ndelse.<br><\/strong>&#8220;I mine meget unge dag, jeg vil tro siden 19 \u00e5r, fik jeg, efter flere kraftige slag p\u00e5 dem, udviklet skinnebensbet\u00e6ndelse. Jeg kom til samtlige l\u00e6ger og speciall\u00e6ger vi kunne opdrive den gang. Men intet hjalp. S\u00e5 m\u00f8dte jeg Gienette og efter 1 behandling var det allerede v\u00e6sentligt bedre, faktisk gik andre skavanker ogs\u00e5 mere i ordne. Efter 3. behandling ja, s\u00e5 var jeg s\u00e5 god som ny igen. Aaah, m\u00e5ske ikke 19 \u00e5r igen, men t\u00e6t p\u00e5 :)&#8221;<br><br><strong>Mor til en lille dreng p\u00e5 1 \u00e5r som ikke ville indtage f\u00f8de eller v\u00e6ske.<br><\/strong>&#8220;N\u00e5r man er for\u00e6ldre, er det sandsynligvis en af de st\u00f8rste bekymringer n\u00e5r ens barn ikke indtager mad og drikke i en lang periode. Og denne situation stod jeg s\u00e5 I. Efter at have fors\u00f8gt n\u00e6sten alt og hans daginstitution ogs\u00e5 var begyndt at udtrykke bekymring, var jeg til sidst ved at blive helt desperat efter at finde en l\u00f8sning og en som kunne hj\u00e6lpe, og s\u00e5 fandt jeg Gienette Delphine p\u00e5 nettet, ved en &#8220;tilf\u00e6ldighed&#8221;. Jeg fulgte min intuition og kontaktede hende. Og efter bare 40 min. healing og 25 min. coaching var min lille dreng spisende og drikkende igen allerede samme aften. Jeg blev s\u00e5 henrykt at jeg M\u00c5TTE ringe samme aften og berette hvad hendes healing og coaching havde gjort for os. Gienette er meget dygtig til, i den grad, at stille skarpt p\u00e5 \u00e5rsagerne til udfordringerne. Og l\u00e6rte mig s\u00e5ledes, i denne situation, at manglen p\u00e5 lyst til at spise, ogs\u00e5 hang sammen med min tilgang og bekymring som mor. At f\u00e5 dette buskab s\u00e5 klart formuleret, har siden gjort det lettere for mig at give slip og v\u00e6re tryg ved situationen og at der er flere \u00e5rsager til en givende udfordring som heldigvis kan l\u00f8ses. Jeg vil tilf\u00f8je at jeg ogs\u00e5 er taknemmelig og imponeret over at hun allerede inden vi kom, havde tunet ind p\u00e5 ham, og dermed var velforberedt og efter behandlingen, fulgte hun ogs\u00e5 op. Det synes jeg er flot. Og ja her efter 18 dage, spiser han stadig. Jeg er bare S\u00c5 glad.&#8221; Jeg har siden hen igen haft kontakt med moderen og hendes s\u00f8n har det godt og indtager stadig f\u00f8de og efter \u00bd \u00e5r.<br><br><strong>Mandlig ryger med kraftig morgenhoste.<\/strong><br>&#8220;Jeg er skeptisk af natur, og havde ingen forventninger til healing. Gienette ville pr\u00f8ve om hun kunne fjerne min rygetrang, s\u00e5ledes jeg endelig kunne holde op med at ryge, efter at have pr\u00f8vet at stoppe gennem l\u00e6ngere tid. Jeg gik ogs\u00e5 med en irriterende tobakshoste, som s\u00e6rligt var generende om morgenen. Efter f\u00f8rste gang healing fik jeg en temmelig kraftig reaktion, hvor jeg fik trykken for brystet og lettere ondt i lungerne. Det var ikke rart, men Gienette beroligede mig med, at lungerne lige skulle i gang med at rense sig selv, s\u00e5 det var bare det jeg kunne m\u00e6rke. Allerede et par dage efter var mine lunger i bedring og min tobakshoste forsvandt stille og roligt. Min rygetrang var mindsket, men ikke helt forsvundet. Jeg m\u00e5tte derfor have en gang healing mere, hvorefter min rygetrang var s\u00e5 tilpas mindsket, at jeg nu kunne kvitte sm\u00f8gerne. Kombinationen af mit \u00f8nske om at holde op med at ryge og healingen har indtil videre holdt mig r\u00f8gfri siden Sep. 2016&#8221;<br><br><strong>Astmaklient med sv\u00e6rd vejrtr\u00e6kning.<\/strong><br>&#8220;Jeg tog dagligt h\u00f8je doser af astma medicin (ca. 23) og mine lunger synes ikke at kunne leve op til sit fulde potentiale. Jeg ku ik f\u00e5 ordentligt luft!!! Faktisk var jeg villig til at pr\u00f8ve hvad som helst for at f\u00e5 det bedre og havde aldrig pr\u00f8vet healing, s\u00e5 hvorfor ikke give det et fors\u00f8g? Jeg blev vel modtaget og fik en healing som varede ca.25 min. Da jeg s\u00e6tte mig op kunne jeg konstaterer, lige med det samme, at trykken p\u00e5 brystkassen var lettet en hel del og jeg kunne f\u00e5 frit luftgennemstr\u00f8mning. Jeg f\u00f8lte mig s\u00e5 godt tilpas og afslappet, ja selv min ryg havde det bedre. N\u00e6ste dag tog jeg kun en tredje del af astmamedicinen og det var p\u00e5 trods af at pollentallene var skyh\u00f8je tilmed var min rygetrang halveret, hvilket Gienette havde sagt hun ogs\u00e5 ville afhj\u00e6lpe mig med. Jeg kunne pludselig ting igen jeg ikke havde ku l\u00e6nge, p.g.a luft mangel. Og da jeg fik rigtig travl de n\u00e6ste par dage kom det mig virkelig til gode. 2. behandling gjorde at jeg igen fik det bedre og jeg er nu nede p\u00e5 kun at indtage min medicin om morgen (1-3 doser) Ja jeg har det faktisk s\u00e5 godt nu at jeg ikke l\u00e6ngere t\u00e6nker p\u00e5 at have den p\u00e5 mig mere og det er en k\u00e6mpe frihed at f\u00e5. Jeg er yderst tilfreds :)&#8221;<br><br><strong>Mand p\u00e5 vej p\u00e5 skiferie men maveonde gennem l\u00e6ngere tid<\/strong><br>&#8220;Jeg havde set frem til ferie og tr\u00e6ngte ogs\u00e5 til en. Men mavesmerter gennem 3 uger lovede ikke godt. S\u00e5 healing m\u00e5tte afpr\u00f8ves. Og efter 20 mins. healing, m\u00e5tte jeg lige en tur p\u00e5 \u201dDet lille hus\u201d. Da jeg kom ud udbr\u00f8d jeg \u201dF\u00f8j for en r\u00e5dden h\u00f8ne!!!\u201d men det var det hele v\u00e6rd og \u00e5benbart bare det der skulle til. Ud kom det alts\u00e5 og jeg kunne nyde min velfortjente skiferie som planlagt. Jeg m\u00e5 sige at det var yderst effektivt.&#8221;<br><br><strong>Ea som er mor til nyf\u00f8dt barn:<\/strong><br>&#8220;Min lille pige ville ikke sove s\u00e6rlig l\u00e6nge af gangen og havde mange mave og tarme-smerter. Hun gr\u00e6d meget og ville kun v\u00e6re p\u00e5 arm. Gienette fik, efter f\u00f8rste healing, lindret s\u00e5 meget at min datter fik en del mere s\u00f8vn og jeg og min mand kunne fortage os andet end kun at g\u00e5 vuggende op og ned med hende. S\u00e5 vi ville geren se og en healing mere ville tage resten og blev noget overrasket over at vi derefter kunne sige goddag til et nyt liv. Vores datter sover nu igennem og har det rigtig godt i b\u00e5de tarme og maven. :)&#8221;<br><br><strong>Skeptisk Ingeni\u00f8r:<\/strong><br>&#8220;Jeg har aldrig troet p\u00e5 alt det der alternative, og var heller ikke s\u00e6rlig optimistisk da jeg skulle modtage min f\u00f8rste healingsbehandling, men jeg overvandt min modstand og tog imod. Og jeg m\u00e5 indr\u00f8mme at jeg godt kunne m\u00e6rke en forandring, b\u00e5de under behandlingen og noget tid efter. Noget anderledes oplevelse, m\u00e5 jeg sige, men meget rart. Jeg er dog ikke blevet omvendt, men indr\u00f8mmer at jeg havde det godt bagefter :)&#8221;<br><br>L\u00e6s om de spontane oplevelser&nbsp;<span style=\"text-decoration: underline;\"><a href=\"https:\/\/healing-hearts.dk\/?page_id=49\" data-type=\"URL\" data-id=\"https:\/\/healing-hearts.dk\/?page_id=49\">her<\/a><\/span>.<br><br><strong><br>Jeg kan kontaktes p\u00e5 tlf.: +45 93 990 211<\/strong><\/p>\n","protected":false},"excerpt":{"rendered":"<p>Healings effekt:Det er b\u00e5de i sessions men ogs\u00e5 spontant healing kan anvendes. Udover de planlagte sessions har mine omgivelser ind i mellem st\u00e5et akut og haft brug for og gl\u00e6de af healing. Her kan du l\u00e6se om nogle af oplevelserne&#8230;<\/p>\n","protected":false},"author":1,"featured_media":0,"parent":0,"menu_order":3,"comment_status":"closed","ping_status":"closed","template":"","meta":{"footnotes":""},"class_list":["post-45","page","type-page","status-publish","hentry"],"_links":{"self":[{"href":"https:\/\/healing-hearts.dk\/index.php?rest_route=\/wp\/v2\/pages\/45","targetHints":{"allow":["GET"]}}],"collection":[{"href":"https:\/\/healing-hearts.dk\/index.php?rest_route=\/wp\/v2\/pages"}],"about":[{"href":"https:\/\/healing-hearts.dk\/index.php?rest_route=\/wp\/v2\/types\/page"}],"author":[{"embeddable":true,"href":"https:\/\/healing-hearts.dk\/index.php?rest_route=\/wp\/v2\/users\/1"}],"replies":[{"embeddable":true,"href":"https:\/\/healing-hearts.dk\/index.php?rest_route=%2Fwp%2Fv2%2Fcomments&post=45"}],"version-history":[{"count":10,"href":"https:\/\/healing-hearts.dk\/index.php?rest_route=\/wp\/v2\/pages\/45\/revisions"}],"predecessor-version":[{"id":410,"href":"https:\/\/healing-hearts.dk\/index.php?rest_route=\/wp\/v2\/pages\/45\/revisions\/410"}],"wp:attachment":[{"href":"https:\/\/healing-hearts.dk\/index.php?rest_route=%2Fwp%2Fv2%2Fmedia&parent=45"}],"curies":[{"name":"wp","href":"https:\/\/api.w.org\/{rel}","templated":true}]}}